{"id":2748,"date":"2015-12-14T14:44:55","date_gmt":"2015-12-14T16:44:55","guid":{"rendered":"http:\/\/kreate.elated-themes.com\/?page_id=347"},"modified":"2019-05-24T15:07:19","modified_gmt":"2019-05-24T18:07:19","slug":"home-sic-informatica","status":"publish","type":"page","link":"https:\/\/sicinformatica.com.br\/site\/","title":{"rendered":"Home Sic Inform\u00e1tica"},"content":{"rendered":"<p>[vc_column]<div class=\"eltd-elements-holder eltd-responsive-mode-768\" ><div class=\"eltd-elements-holder-item eltd-horizontal-alignment-center\"  >\n\t<div class=\"eltd-elements-holder-item-inner\">\n\t\t<div class=\"eltd-elements-holder-item-content eltd-elements-holder-custom-894383\" style=\"padding: 15% 0% 0% 0%\">\n\t\t\t\t\t\t\n<h2 class=\"eltd-custom-font-holder\" style=\"font-size: 120px;line-height: 120px;font-weight: 700;letter-spacing: 0px;text-align: center;color: #ffffff\" data-font-size= 120 data-line-height= 120>\n\tConfian\u00e7a<\/h2>\n<h2 class=\"eltd-custom-font-holder\" style=\"font-size: 120px;line-height: 120px;font-weight: 700;letter-spacing: 0px;text-align: center;color: #ffffff\" data-font-size= 120 data-line-height= 120>\n\tSolu\u00e7\u00e3o<\/h2>\n<h2 class=\"eltd-custom-font-holder\" style=\"font-size: 120px;line-height: 120px;font-weight: 700;letter-spacing: 0px;text-align: center;color: #ffffff\" data-font-size= 120 data-line-height= 120>\n\tExcel\u00eancia<\/h2><div class=\"eltd-separator-holder clearfix  eltd-separator-center eltd-dotted-multiple eltd-sep-white\" style=\"margin-top: 57px;margin-bottom: 0px\">\n\t<div class=\"eltd-separator\" style=\"width: 250px;height: 11px\"><\/div>\n<\/div>\n\t\t<\/div>\n\t<\/div>\n<\/div><\/div><\/p>\n<p>[vc_column]<div class=\"eltd-carousel-holder clearfix\"><div class=\"eltd-carousel\" data-items=\"8\" data-navigation=\"no\"><div class=\"eltd-carousel-item-holder\">\r\n\t\t<a href=\"#\" target=\"_self\">\r\n\t\t\t\t\t\t<span class=\"eltd-carousel-first-image-holder  eltd-image-zoom\">\r\n\t\t\t\t<img src=\"http:\/\/sicinformatica.com.br\/site\/wp-content\/uploads\/2019\/05\/sic-hp.png\" alt=\"t-1\">\r\n\t\t\t<\/span>\r\n\t\t\t\t\t\t<\/a>\r\n\t<\/div><div class=\"eltd-carousel-item-holder\">\r\n\t\t<a href=\"#\" target=\"_self\">\r\n\t\t\t\t\t\t<span class=\"eltd-carousel-first-image-holder  eltd-image-zoom\">\r\n\t\t\t\t<img src=\"http:\/\/sicinformatica.com.br\/site\/wp-content\/uploads\/2019\/05\/sic-gigabit.png\" alt=\"t-10\">\r\n\t\t\t<\/span>\r\n\t\t\t\t\t\t<\/a>\r\n\t<\/div><div class=\"eltd-carousel-item-holder\">\r\n\t\t<a href=\"#\" target=\"_self\">\r\n\t\t\t\t\t\t<span class=\"eltd-carousel-first-image-holder  eltd-image-zoom\">\r\n\t\t\t\t<img src=\"http:\/\/sicinformatica.com.br\/site\/wp-content\/uploads\/2019\/05\/sic-3com.png\" alt=\"t-12\">\r\n\t\t\t<\/span>\r\n\t\t\t\t\t\t<\/a>\r\n\t<\/div><div class=\"eltd-carousel-item-holder\">\r\n\t\t<a href=\"#\" target=\"_self\">\r\n\t\t\t\t\t\t<span class=\"eltd-carousel-first-image-holder  eltd-image-zoom\">\r\n\t\t\t\t<img src=\"http:\/\/sicinformatica.com.br\/site\/wp-content\/uploads\/2019\/05\/sic-dell.png\" alt=\"t-2\">\r\n\t\t\t<\/span>\r\n\t\t\t\t\t\t<\/a>\r\n\t<\/div><div class=\"eltd-carousel-item-holder\">\r\n\t\t<a href=\"#\" target=\"_self\">\r\n\t\t\t\t\t\t<span class=\"eltd-carousel-first-image-holder  eltd-image-zoom\">\r\n\t\t\t\t<img src=\"http:\/\/sicinformatica.com.br\/site\/wp-content\/uploads\/2019\/05\/sic-asus.png\" alt=\"t-3\">\r\n\t\t\t<\/span>\r\n\t\t\t\t\t\t<\/a>\r\n\t<\/div><div class=\"eltd-carousel-item-holder\">\r\n\t\t<a href=\"#\" target=\"_self\">\r\n\t\t\t\t\t\t<span class=\"eltd-carousel-first-image-holder  eltd-image-zoom\">\r\n\t\t\t\t<img src=\"http:\/\/sicinformatica.com.br\/site\/wp-content\/uploads\/2019\/05\/sic-amd.png\" alt=\"t-4\">\r\n\t\t\t<\/span>\r\n\t\t\t\t\t\t<\/a>\r\n\t<\/div><div class=\"eltd-carousel-item-holder\">\r\n\t\t<a href=\"#\" target=\"_self\">\r\n\t\t\t\t\t\t<span class=\"eltd-carousel-first-image-holder  eltd-image-zoom\">\r\n\t\t\t\t<img src=\"http:\/\/sicinformatica.com.br\/site\/wp-content\/uploads\/2019\/05\/sic-intel.png\" alt=\"t-5\">\r\n\t\t\t<\/span>\r\n\t\t\t\t\t\t<\/a>\r\n\t<\/div><div class=\"eltd-carousel-item-holder\">\r\n\t\t<a href=\"#\" target=\"_self\">\r\n\t\t\t\t\t\t<span class=\"eltd-carousel-first-image-holder  eltd-image-zoom\">\r\n\t\t\t\t<img src=\"http:\/\/sicinformatica.com.br\/site\/wp-content\/uploads\/2019\/05\/sic-nividia.png\" alt=\"t-6\">\r\n\t\t\t<\/span>\r\n\t\t\t\t\t\t<\/a>\r\n\t<\/div><div class=\"eltd-carousel-item-holder\">\r\n\t\t<a href=\"#\" target=\"_blank\">\r\n\t\t\t\t\t\t<span class=\"eltd-carousel-first-image-holder  eltd-image-zoom\">\r\n\t\t\t\t<img src=\"http:\/\/sicinformatica.com.br\/site\/wp-content\/uploads\/2019\/05\/sic-positivo.png\" alt=\"t-7\">\r\n\t\t\t<\/span>\r\n\t\t\t\t\t\t<\/a>\r\n\t<\/div><div class=\"eltd-carousel-item-holder\">\r\n\t\t<a href=\"#\" target=\"_self\">\r\n\t\t\t\t\t\t<span class=\"eltd-carousel-first-image-holder  eltd-image-zoom\">\r\n\t\t\t\t<img src=\"http:\/\/sicinformatica.com.br\/site\/wp-content\/uploads\/2019\/05\/sic-dlink.png\" alt=\"t-8\">\r\n\t\t\t<\/span>\r\n\t\t\t\t\t\t<\/a>\r\n\t<\/div><div class=\"eltd-carousel-item-holder\">\r\n\t\t<a href=\"#\" target=\"_self\">\r\n\t\t\t\t\t\t<span class=\"eltd-carousel-first-image-holder  eltd-image-zoom\">\r\n\t\t\t\t<img src=\"http:\/\/sicinformatica.com.br\/site\/wp-content\/uploads\/2019\/05\/sic-multilaser.png\" alt=\"t-9\">\r\n\t\t\t<\/span>\r\n\t\t\t\t\t\t<\/a>\r\n\t<\/div><\/div><\/div><div class=\"eltd-carousel-holder clearfix\"><div class=\"eltd-carousel\" data-items=\"8\" data-navigation=\"no\"><div class=\"eltd-carousel-item-holder\">\r\n\t\t<a href=\"#\" target=\"_self\">\r\n\t\t\t\t\t\t<span class=\"eltd-carousel-first-image-holder  eltd-image-zoom\">\r\n\t\t\t\t<img src=\"http:\/\/sicinformatica.com.br\/site\/wp-content\/uploads\/2019\/05\/sic-multilaser.png\" alt=\"t-9\">\r\n\t\t\t<\/span>\r\n\t\t\t\t\t\t<\/a>\r\n\t<\/div><div class=\"eltd-carousel-item-holder\">\r\n\t\t<a href=\"#\" target=\"_self\">\r\n\t\t\t\t\t\t<span class=\"eltd-carousel-first-image-holder  eltd-image-zoom\">\r\n\t\t\t\t<img src=\"http:\/\/sicinformatica.com.br\/site\/wp-content\/uploads\/2019\/05\/sic-dlink.png\" alt=\"t-8\">\r\n\t\t\t<\/span>\r\n\t\t\t\t\t\t<\/a>\r\n\t<\/div><div class=\"eltd-carousel-item-holder\">\r\n\t\t<a href=\"#\" target=\"_blank\">\r\n\t\t\t\t\t\t<span class=\"eltd-carousel-first-image-holder  eltd-image-zoom\">\r\n\t\t\t\t<img src=\"http:\/\/sicinformatica.com.br\/site\/wp-content\/uploads\/2019\/05\/sic-positivo.png\" alt=\"t-7\">\r\n\t\t\t<\/span>\r\n\t\t\t\t\t\t<\/a>\r\n\t<\/div><div class=\"eltd-carousel-item-holder\">\r\n\t\t<a href=\"#\" target=\"_self\">\r\n\t\t\t\t\t\t<span class=\"eltd-carousel-first-image-holder  eltd-image-zoom\">\r\n\t\t\t\t<img src=\"http:\/\/sicinformatica.com.br\/site\/wp-content\/uploads\/2019\/05\/sic-nividia.png\" alt=\"t-6\">\r\n\t\t\t<\/span>\r\n\t\t\t\t\t\t<\/a>\r\n\t<\/div><div class=\"eltd-carousel-item-holder\">\r\n\t\t<a href=\"#\" target=\"_self\">\r\n\t\t\t\t\t\t<span class=\"eltd-carousel-first-image-holder  eltd-image-zoom\">\r\n\t\t\t\t<img src=\"http:\/\/sicinformatica.com.br\/site\/wp-content\/uploads\/2019\/05\/sic-intel.png\" alt=\"t-5\">\r\n\t\t\t<\/span>\r\n\t\t\t\t\t\t<\/a>\r\n\t<\/div><div class=\"eltd-carousel-item-holder\">\r\n\t\t<a href=\"#\" target=\"_self\">\r\n\t\t\t\t\t\t<span class=\"eltd-carousel-first-image-holder  eltd-image-zoom\">\r\n\t\t\t\t<img src=\"http:\/\/sicinformatica.com.br\/site\/wp-content\/uploads\/2019\/05\/sic-amd.png\" alt=\"t-4\">\r\n\t\t\t<\/span>\r\n\t\t\t\t\t\t<\/a>\r\n\t<\/div><div class=\"eltd-carousel-item-holder\">\r\n\t\t<a href=\"#\" target=\"_self\">\r\n\t\t\t\t\t\t<span class=\"eltd-carousel-first-image-holder  eltd-image-zoom\">\r\n\t\t\t\t<img src=\"http:\/\/sicinformatica.com.br\/site\/wp-content\/uploads\/2019\/05\/sic-asus.png\" alt=\"t-3\">\r\n\t\t\t<\/span>\r\n\t\t\t\t\t\t<\/a>\r\n\t<\/div><div class=\"eltd-carousel-item-holder\">\r\n\t\t<a href=\"#\" target=\"_self\">\r\n\t\t\t\t\t\t<span class=\"eltd-carousel-first-image-holder  eltd-image-zoom\">\r\n\t\t\t\t<img src=\"http:\/\/sicinformatica.com.br\/site\/wp-content\/uploads\/2019\/05\/sic-dell.png\" alt=\"t-2\">\r\n\t\t\t<\/span>\r\n\t\t\t\t\t\t<\/a>\r\n\t<\/div><div class=\"eltd-carousel-item-holder\">\r\n\t\t<a href=\"#\" target=\"_self\">\r\n\t\t\t\t\t\t<span class=\"eltd-carousel-first-image-holder  eltd-image-zoom\">\r\n\t\t\t\t<img src=\"http:\/\/sicinformatica.com.br\/site\/wp-content\/uploads\/2019\/05\/sic-3com.png\" alt=\"t-12\">\r\n\t\t\t<\/span>\r\n\t\t\t\t\t\t<\/a>\r\n\t<\/div><div class=\"eltd-carousel-item-holder\">\r\n\t\t<a href=\"#\" target=\"_self\">\r\n\t\t\t\t\t\t<span class=\"eltd-carousel-first-image-holder  eltd-image-zoom\">\r\n\t\t\t\t<img src=\"http:\/\/sicinformatica.com.br\/site\/wp-content\/uploads\/2019\/05\/sic-gigabit.png\" alt=\"t-10\">\r\n\t\t\t<\/span>\r\n\t\t\t\t\t\t<\/a>\r\n\t<\/div><div class=\"eltd-carousel-item-holder\">\r\n\t\t<a href=\"#\" target=\"_self\">\r\n\t\t\t\t\t\t<span class=\"eltd-carousel-first-image-holder  eltd-image-zoom\">\r\n\t\t\t\t<img src=\"http:\/\/sicinformatica.com.br\/site\/wp-content\/uploads\/2019\/05\/sic-hp.png\" alt=\"t-1\">\r\n\t\t\t<\/span>\r\n\t\t\t\t\t\t<\/a>\r\n\t<\/div><\/div><\/div><\/p>\n<p>\n<h2 class=\"eltd-custom-font-holder\" style=\"font-size: 120px;line-height: 120px;font-weight: 700;letter-spacing: 0px;text-align: center;color: #ffffff\" data-font-size= 120 data-line-height= 120>\n\tBlog.<\/h2><div class=\"eltd-separator-holder clearfix  eltd-separator-center eltd-dotted-multiple eltd-sep-white\" style=\"margin-top: 57px;margin-bottom: 60px\">\n\t<div class=\"eltd-separator\" style=\"width: 250px;height: 11px\"><\/div>\n<\/div>\n<\/p>\n<div class=\"eltd-blog-list-holder eltd-boxes eltd-three-columns\">\n\t<ul class=\"eltd-blog-list\">\n\t<li class=\"eltd-blog-list-item clearfix\">\n\t<div class=\"eltd-blog-list-item-inner\">\n\t\t\t\t<div class=\"eltd-item-text-holder\">\n\t\t\t<div class=\"eltd-post-mark eltd-post-gallery\">\n\t\t\t\t<span class=\"\"><\/span>\n\t\t\t<\/div>\n\t\t\t<div class=\"eltd-item-info-section\">\n\t\t\t\t<h5 class=\"eltd-post-info-category\"><a href=\"https:\/\/sicinformatica.com.br\/site\/category\/manutencao\/\" rel=\"category tag\">Manuten\u00e7\u00e3o<\/a><\/h5>\t\t\t<\/div>\n\t\t\t<h3 class=\"eltd-item-title\">\n\t\t\t\t<a href=\"https:\/\/sicinformatica.com.br\/site\/patience-does-pay-off\/\" >\n\t\t\t\t\tDesfragmenta\u00e7\u00e3o de Disco\t\t\t\t<\/a>\n\t\t\t<\/h3>\n\t\t\t\t\t\t\t<p class=\"eltd-excerpt\">Uma simples DESFRAGMENTA\u00c7\u00c3O de DISCO pode fazer com que o sistema fique mais fluido. A ferramenta aperfei\u00e7oa o disco r\u00edgido e diminui o tempo necess\u00e1rio para a execu\u00e7\u00e3o de qualquer programa que...<\/p>\n\t\t\t\t\t<\/div>\n\t\t<div class=\"eltd-item-bottom-holder\">\n\t\t\t<div class=\"eltd-item-bottom-holder-inner\">\n\t\t\t\t<div class=\"eltd-item-btm-left-holder\">\n\t\t\t\t\t<div class=\"eltd-item-author-image\">\n\t\t\t\t\t\t<img alt='' src='https:\/\/secure.gravatar.com\/avatar\/d72f2741baefe7ae1ea3459e0c58148a?s=30&#038;d=mm&#038;r=g' class='avatar avatar-30 photo' height='30' width='30' \/>\t\t\t\t\t<\/div>\n\t\t\t\t\t<div class=\"eltd-post-info-author\">By <a class=\"eltd-post-info-author-link\" href=\"https:\/\/sicinformatica.com.br\/site\/author\/sicinformatica\/\">Sic Inform\u00e1tica<\/a><\/div>\n\t\t\t\t<\/div>\n\t\t\t\t<div class=\"eltd-item-btn-right-holder\">\n\t\t\t\t\t<a href=\"https:\/\/sicinformatica.com.br\/site\/patience-does-pay-off\/\" target=\"_self\"  class=\"eltd-btn eltd-btn-medium eltd-btn-arrow eltd-btn-rotate eltd-btn-arrow-right\"  >\n    <span class=\"eltd-btn-text\">More<\/span>\n    \n\t<span class=\"eltd-btn-icon-arrow\">\n\t\t<span  class=\"eltd-line-1\"><\/span>\n\t\t<span  class=\"eltd-line-2\"><\/span>\n\t\t<span  class=\"eltd-line-3\"><\/span>\n\t<\/span>\n\t<\/a>\t\t\t\t<\/div>\n\t\t\t<\/div>\n\t\t<\/div>\n\t<\/div>\n<\/li><li class=\"eltd-blog-list-item clearfix\">\n\t<div class=\"eltd-blog-list-item-inner\">\n\t\t\t\t<div class=\"eltd-item-text-holder\">\n\t\t\t<div class=\"eltd-post-mark eltd-post-gallery\">\n\t\t\t\t<span class=\"\"><\/span>\n\t\t\t<\/div>\n\t\t\t<div class=\"eltd-item-info-section\">\n\t\t\t\t<h5 class=\"eltd-post-info-category\"><a href=\"https:\/\/sicinformatica.com.br\/site\/category\/manutencao\/\" rel=\"category tag\">Manuten\u00e7\u00e3o<\/a><\/h5>\t\t\t<\/div>\n\t\t\t<h3 class=\"eltd-item-title\">\n\t\t\t\t<a href=\"https:\/\/sicinformatica.com.br\/site\/sharing-your-knowledge\/\" >\n\t\t\t\t\tDicas de como se proteger de ataques de hackers\t\t\t\t<\/a>\n\t\t\t<\/h3>\n\t\t\t\t\t\t\t<p class=\"eltd-excerpt\">Quer saber como um ataque hacker acontece? Vamos l\u00e1! Existem m\u00e9todos avan\u00e7ados de invas\u00e3o, que dependem da habilidade de engenharia social bem como o conhecimento profundo de programa\u00e7\u00e3o e tecno...<\/p>\n\t\t\t\t\t<\/div>\n\t\t<div class=\"eltd-item-bottom-holder\">\n\t\t\t<div class=\"eltd-item-bottom-holder-inner\">\n\t\t\t\t<div class=\"eltd-item-btm-left-holder\">\n\t\t\t\t\t<div class=\"eltd-item-author-image\">\n\t\t\t\t\t\t<img alt='' src='https:\/\/secure.gravatar.com\/avatar\/d72f2741baefe7ae1ea3459e0c58148a?s=30&#038;d=mm&#038;r=g' class='avatar avatar-30 photo' height='30' width='30' \/>\t\t\t\t\t<\/div>\n\t\t\t\t\t<div class=\"eltd-post-info-author\">By <a class=\"eltd-post-info-author-link\" href=\"https:\/\/sicinformatica.com.br\/site\/author\/sicinformatica\/\">Sic Inform\u00e1tica<\/a><\/div>\n\t\t\t\t<\/div>\n\t\t\t\t<div class=\"eltd-item-btn-right-holder\">\n\t\t\t\t\t<a href=\"https:\/\/sicinformatica.com.br\/site\/sharing-your-knowledge\/\" target=\"_self\"  class=\"eltd-btn eltd-btn-medium eltd-btn-arrow eltd-btn-rotate eltd-btn-arrow-right\"  >\n    <span class=\"eltd-btn-text\">More<\/span>\n    \n\t<span class=\"eltd-btn-icon-arrow\">\n\t\t<span  class=\"eltd-line-1\"><\/span>\n\t\t<span  class=\"eltd-line-2\"><\/span>\n\t\t<span  class=\"eltd-line-3\"><\/span>\n\t<\/span>\n\t<\/a>\t\t\t\t<\/div>\n\t\t\t<\/div>\n\t\t<\/div>\n\t<\/div>\n<\/li><li class=\"eltd-blog-list-item clearfix\">\n\t<div class=\"eltd-blog-list-item-inner\">\n\t\t\t\t<div class=\"eltd-item-text-holder\">\n\t\t\t<div class=\"eltd-post-mark eltd-post-gallery\">\n\t\t\t\t<span class=\"\"><\/span>\n\t\t\t<\/div>\n\t\t\t<div class=\"eltd-item-info-section\">\n\t\t\t\t<h5 class=\"eltd-post-info-category\"><a href=\"https:\/\/sicinformatica.com.br\/site\/category\/manutencao\/\" rel=\"category tag\">Manuten\u00e7\u00e3o<\/a><\/h5>\t\t\t<\/div>\n\t\t\t<h3 class=\"eltd-item-title\">\n\t\t\t\t<a href=\"https:\/\/sicinformatica.com.br\/site\/sinais-de-que-seu-computador-precisa-de-manutencao\/\" >\n\t\t\t\t\tSinais de que seu computador precisa de manuten\u00e7\u00e3o\t\t\t\t<\/a>\n\t\t\t<\/h3>\n\t\t\t\t\t\t\t<p class=\"eltd-excerpt\">A manuten\u00e7\u00e3o f\u00edsica preventiva, de computador e notebook, \u00e9 t\u00e3o importante quanto \u00e0 manuten\u00e7\u00e3o do sistema. Voc\u00ea sabia que os principais problemas f\u00edsicos s\u00e3o decorrentes ao acumulo de poeir...<\/p>\n\t\t\t\t\t<\/div>\n\t\t<div class=\"eltd-item-bottom-holder\">\n\t\t\t<div class=\"eltd-item-bottom-holder-inner\">\n\t\t\t\t<div class=\"eltd-item-btm-left-holder\">\n\t\t\t\t\t<div class=\"eltd-item-author-image\">\n\t\t\t\t\t\t<img alt='' src='https:\/\/secure.gravatar.com\/avatar\/d72f2741baefe7ae1ea3459e0c58148a?s=30&#038;d=mm&#038;r=g' class='avatar avatar-30 photo' height='30' width='30' \/>\t\t\t\t\t<\/div>\n\t\t\t\t\t<div class=\"eltd-post-info-author\">By <a class=\"eltd-post-info-author-link\" href=\"https:\/\/sicinformatica.com.br\/site\/author\/sicinformatica\/\">Sic Inform\u00e1tica<\/a><\/div>\n\t\t\t\t<\/div>\n\t\t\t\t<div class=\"eltd-item-btn-right-holder\">\n\t\t\t\t\t<a href=\"https:\/\/sicinformatica.com.br\/site\/sinais-de-que-seu-computador-precisa-de-manutencao\/\" target=\"_self\"  class=\"eltd-btn eltd-btn-medium eltd-btn-arrow eltd-btn-rotate eltd-btn-arrow-right\"  >\n    <span class=\"eltd-btn-text\">More<\/span>\n    \n\t<span class=\"eltd-btn-icon-arrow\">\n\t\t<span  class=\"eltd-line-1\"><\/span>\n\t\t<span  class=\"eltd-line-2\"><\/span>\n\t\t<span  class=\"eltd-line-3\"><\/span>\n\t<\/span>\n\t<\/a>\t\t\t\t<\/div>\n\t\t\t<\/div>\n\t\t<\/div>\n\t<\/div>\n<\/li>\t<\/ul>\t\n<\/div>\n\n<p>&nbsp;<\/p>\n<h3><span style=\"color: #ffffff;\">&nbsp;&nbsp;&nbsp;&nbsp;&nbsp;SIC INFORM\u00c1TICA<\/span><\/h3>\n<h3><span style=\"color: #ffffff;\">&nbsp;&nbsp;&nbsp;&nbsp;&nbsp;Rua Castro Alves, 51 \u2013 Laranjeiras \u2013 Serra \u2013 ES<\/span><\/h3>\n<h3><span style=\"color: #ffffff;\">&nbsp;&nbsp;&nbsp;&nbsp;&nbsp;(27)3218-2434, sic@sicinformatica.com.br<\/span><\/h3>\n<p>&nbsp;<\/p>\n<h6><span style=\"color: #ffffff; font-weight: 500; letter-spacing: 1px;\">&nbsp;&nbsp;&nbsp;&nbsp;&nbsp;Orgulhosamente, desenvolvido e hospedado por <a href=\"http:\/\/www.inovanet.com.br\">Inovanet Holding Company<\/a><\/span><\/h6>\n<p>&nbsp;<\/p>\n","protected":false},"excerpt":{"rendered":"<p>[vc_column] [vc_column] &nbsp; &nbsp;&nbsp;&nbsp;&nbsp;&nbsp;SIC INFORM\u00c1TICA &nbsp;&nbsp;&nbsp;&nbsp;&nbsp;Rua Castro Alves, 51 \u2013 Laranjeiras \u2013 Serra \u2013 ES &nbsp;&nbsp;&nbsp;&nbsp;&nbsp;(27)3218-2434, sic@sicinformatica.com.br &nbsp; &nbsp;&nbsp;&nbsp;&nbsp;&nbsp;Orgulhosamente, desenvolvido e hospedado por Inovanet Holding Company &nbsp;<\/p>\n","protected":false},"author":1,"featured_media":0,"parent":0,"menu_order":0,"comment_status":"closed","ping_status":"closed","template":"full-width.php","meta":[],"_links":{"self":[{"href":"https:\/\/sicinformatica.com.br\/site\/wp-json\/wp\/v2\/pages\/2748"}],"collection":[{"href":"https:\/\/sicinformatica.com.br\/site\/wp-json\/wp\/v2\/pages"}],"about":[{"href":"https:\/\/sicinformatica.com.br\/site\/wp-json\/wp\/v2\/types\/page"}],"author":[{"embeddable":true,"href":"https:\/\/sicinformatica.com.br\/site\/wp-json\/wp\/v2\/users\/1"}],"replies":[{"embeddable":true,"href":"https:\/\/sicinformatica.com.br\/site\/wp-json\/wp\/v2\/comments?post=2748"}],"version-history":[{"count":22,"href":"https:\/\/sicinformatica.com.br\/site\/wp-json\/wp\/v2\/pages\/2748\/revisions"}],"predecessor-version":[{"id":3589,"href":"https:\/\/sicinformatica.com.br\/site\/wp-json\/wp\/v2\/pages\/2748\/revisions\/3589"}],"wp:attachment":[{"href":"https:\/\/sicinformatica.com.br\/site\/wp-json\/wp\/v2\/media?parent=2748"}],"curies":[{"name":"wp","href":"https:\/\/api.w.org\/{rel}","templated":true}]}}